{"id":7574,"date":"2016-10-05T16:00:57","date_gmt":"2016-10-05T16:00:57","guid":{"rendered":"http:\/\/bsk.es\/index.php\/servicios-de-produccion\/"},"modified":"2016-10-05T16:00:57","modified_gmt":"2016-10-05T16:00:57","slug":"servicios-de-produccion","status":"publish","type":"page","link":"https:\/\/bsk.es\/en\/servicios-de-produccion\/","title":{"rendered":"Servicios de producci\u00f3n"},"content":{"rendered":"<p>[vc_row][vc_column][vc_single_image image=&#8221;6475&#8243; img_size=&#8221;800&#215;200&#8243;][vc_empty_space][\/vc_column][\/vc_row][vc_row][vc_column][vc_column_text]En Fairhall le acompa\u00f1amos durante todo el proceso de producci\u00f3n de proyectos creativos: carteler\u00eda, packaging, merchandising, folletos, dosieres, papeler\u00eda, fotograf\u00eda, material audiovisual y un largo etc\u00e9tera.<\/p>\n<p>Trabajamos con los<strong> mejores proveedores en precio y calidad<\/strong>.<\/p>\n<p>En Fairhall Solutions tenemos gran experiencia en el desarrollo de todo tipo de producciones: materiales, formatos, y soportes. Conocemos todas las fases de los procesos as\u00ed como las necesidades t\u00e9cnicas de cada uno de ellos para conseguir un resultado \u00f3ptimo en el menor tiempo posible y al mejor precio.<\/p>\n<p>Si necesita asesoramiento, le ayudamos a \u00a0seleccionar las mejores opciones para cada caso, y gestionamos por usted todos los pasos hasta dejar en sus manos el material terminado.[\/vc_column_text][\/vc_column][\/vc_row]<\/p>\n","protected":false},"excerpt":{"rendered":"<p>[vc_row][vc_column][vc_single_image image=&#8221;6475&#8243; img_size=&#8221;800&#215;200&#8243;][vc_empty_space][\/vc_column][\/vc_row][vc_row][vc_column][vc_column_text]En Fairhall le acompa\u00f1amos durante todo el proceso de producci\u00f3n de proyectos creativos: carteler\u00eda, packaging, merchandising, folletos, dosieres, papeler\u00eda, fotograf\u00eda, material audiovisual y un largo etc\u00e9tera. Trabajamos con los mejores proveedores en precio y calidad. En Fairhall Solutions tenemos gran experiencia en el&#8230;<\/p>\n","protected":false},"author":1,"featured_media":0,"parent":0,"menu_order":0,"comment_status":"closed","ping_status":"closed","template":"","meta":{"footnotes":""},"class_list":["post-7574","page","type-page","status-publish","hentry"],"_links":{"self":[{"href":"https:\/\/bsk.es\/en\/wp-json\/wp\/v2\/pages\/7574"}],"collection":[{"href":"https:\/\/bsk.es\/en\/wp-json\/wp\/v2\/pages"}],"about":[{"href":"https:\/\/bsk.es\/en\/wp-json\/wp\/v2\/types\/page"}],"author":[{"embeddable":true,"href":"https:\/\/bsk.es\/en\/wp-json\/wp\/v2\/users\/1"}],"replies":[{"embeddable":true,"href":"https:\/\/bsk.es\/en\/wp-json\/wp\/v2\/comments?post=7574"}],"version-history":[{"count":0,"href":"https:\/\/bsk.es\/en\/wp-json\/wp\/v2\/pages\/7574\/revisions"}],"wp:attachment":[{"href":"https:\/\/bsk.es\/en\/wp-json\/wp\/v2\/media?parent=7574"}],"curies":[{"name":"wp","href":"https:\/\/api.w.org\/{rel}","templated":true}]}}